{"id":158,"date":"2025-04-14T10:46:00","date_gmt":"2025-04-14T08:46:00","guid":{"rendered":"https:\/\/ferugby.es\/emilychatbot\/privacy-policy\/"},"modified":"2025-05-08T12:25:33","modified_gmt":"2025-05-08T10:25:33","slug":"politica-de-privacidad","status":"publish","type":"page","link":"https:\/\/ferugby.es\/emilychatbot\/politica-de-privacidad\/","title":{"rendered":"Pol\u00edtica de privacidad"},"content":{"rendered":"\t\t<div data-elementor-type=\"wp-page\" data-elementor-id=\"158\" class=\"elementor elementor-158\" data-elementor-post-type=\"page\">\n\t\t\t\t<div class=\"elementor-element elementor-element-5ecf1990 e-flex e-con-boxed e-con e-parent\" data-id=\"5ecf1990\" data-element_type=\"container\" data-e-type=\"container\" data-settings=\"{&quot;background_background&quot;:&quot;classic&quot;}\">\n\t\t\t\t\t<div class=\"e-con-inner\">\n\t\t<div class=\"elementor-element elementor-element-60818b36 e-con-full e-flex e-con e-child\" data-id=\"60818b36\" data-element_type=\"container\" data-e-type=\"container\">\n\t\t\t\t<div class=\"elementor-element elementor-element-6e55ef1f elementor-widget elementor-widget-heading\" data-id=\"6e55ef1f\" data-element_type=\"widget\" data-e-type=\"widget\" data-widget_type=\"heading.default\">\n\t\t\t\t<div class=\"elementor-widget-container\">\n\t\t\t\t\t<h1 class=\"elementor-heading-title elementor-size-default\">Pol\u00edtica de privacidad<\/h1>\t\t\t\t<\/div>\n\t\t\t\t<\/div>\n\t\t\t\t<\/div>\n\t\t\t\t\t<\/div>\n\t\t\t\t<\/div>\n\t\t<div class=\"elementor-element elementor-element-1f1e5aba e-flex e-con-boxed e-con e-parent\" data-id=\"1f1e5aba\" data-element_type=\"container\" data-e-type=\"container\">\n\t\t\t\t\t<div class=\"e-con-inner\">\n\t\t\t\t<div class=\"elementor-element elementor-element-58705085 elementor-widget elementor-widget-text-editor\" data-id=\"58705085\" data-element_type=\"widget\" data-e-type=\"widget\" data-widget_type=\"text-editor.default\">\n\t\t\t\t<div class=\"elementor-widget-container\">\n\t\t\t\t\t\t\t\t\t<p>Esta Pol\u00edtica de Privacidad es aplicable a los usuarios del sitio web de\u00a0<strong>CENTRO DE ENSE\u00d1ANZA UNIVERSITARIA SEK S.A<\/strong> (en adelante, \u00ab<strong>CENTRO DE ENSE\u00d1ANZA UNIVERSITARIA SEK<\/strong>\u00ab), respecto al tratamiento de datos personales facilitados a trav\u00e9s de las v\u00edas habilitadas.<\/p><p><strong>Identidad del Responsable del Tratamiento\u00a0<\/strong>\u00a0<\/p><p>RAZ\u00d3N SOCIAL:\u202f<strong>CENTRO DE ENSE\u00d1ANZA UNIVERSITARIA SEK, S.A<\/strong>\u00a0<\/p><p>NIF\/CIF: A79336947\u00a0<\/p><p>DOMICILIO: Urb. Villafranca del Castillo, C\/ Castillo de Alarc\u00f3n, s\/n 28692 &#8211; Villanueva de la Ca\u00f1ada &#8211; MADRID\u00a0<\/p><p>Sin perjuicio del domicilio anterior, los interesados pueden formular reclamaciones en materia de protecci\u00f3n de datos, as\u00ed como contactar con el Delegado de Protecci\u00f3n de Datos del\u00a0<strong>Grupo SEK\u00a0<\/strong>a trav\u00e9s del siguiente correo:<\/p><ul><li><strong>Delegado de Protecci\u00f3n de Datos:<\/strong>\u00a0<a href=\"mailto:lopd@sek.es\">lopd@sek.es<\/a>\u00a0<\/li><\/ul><p><strong>Datos objeto de<\/strong>\u00a0<strong>tratamiento<\/strong>\u00a0<\/p><p>Los datos personales tratados ser\u00e1n aquellos recabados y aportados por parte de los usuarios a trav\u00e9s del chatbot, as\u00ed como de los formularios de recogida de datos personales. Los datos ser\u00e1n tratados de forma confidencial y adoptando medidas de seguridad adecuadas conforme a la normativa vigente en protecci\u00f3n de datos.\u00a0<\/p><p>Adem\u00e1s, por el hecho de navegar en esta p\u00e1gina web y mediante el uso de cookies,\u00a0CENTRO DE ENSE\u00d1ANZA UNIVERSITARIA SEK recaba datos de los usuarios con el objeto de mejorar su navegaci\u00f3n y gestionar de manera efectiva el Sitio Web.\u00a0<strong>\u00a0<\/strong><\/p><p><strong>Finalidades y legitimaci\u00f3n del tratamiento<\/strong><\/p><p><strong>CENTRO DE ENSE\u00d1ANZA UNIVERSITARIA SEK<\/strong> tratar\u00e1 sus datos personales para las finalidades indicadas a continuaci\u00f3n:\u00a0<\/p><ul><li><strong>Ofrecer un diagn\u00f3stico temprano de la salud del suelo p\u00e9lvico y recomendaciones personalizadas<\/strong> tras analizar los cuestionarios completados por los usuarios. Dicho tratamiento se legitima en el consentimiento otorgado por el usuario al aceptar la casilla correspondiente.<\/li><li><strong>Env\u00edo de p\u00edldoras educativas como newsletter y podcasts a trav\u00e9s de los que se proporcionar\u00e1 informaci\u00f3n continua sobre la salud femenina<\/strong><strong>. <\/strong>Dicho tratamiento se legitima en el consentimiento otorgado por el usuario al aceptar la casilla correspondiente.<\/li><li><strong>Permitir el efectivo funcionamiento de la p\u00e1gina web<\/strong>\u00a0a trav\u00e9s de las cookies instaladas, basado en el inter\u00e9s leg\u00edtimo de la compa\u00f1\u00eda y en el consentimiento del usuario mostrado con la aceptaci\u00f3n de las mismas.\u00a0<\/li><\/ul><p>Se informa a los usuarios de nuestra p\u00e1gina web de la necesidad de facilitar todos los datos de car\u00e1cter obligatorio para poder cumplir con las finalidades anteriormente indicadas. Estos campos constan identificados mediante un asterisco (*).\u00a0<\/p><p>En caso de que no nos facilite dichos datos, ello podr\u00e1 dar lugar a la imposibilidad por parte de\u00a0<strong>CENTRO DE ENSE\u00d1ANZA UNIVERSITARIA SEK<\/strong> de cumplir con tales finalidades.\u00a0\u00a0\u00a0<\/p><p><strong>Conservaci\u00f3n de los datos<\/strong>\u00a0<\/p><p>Los datos personales proporcionados por los usuarios ser\u00e1n conservados durante el tiempo necesario para cumplir de manera efectiva con las finalidades anteriormente indicadas.\u00a0<\/p><p>En particular,\u00a0<strong>CENTRO DE ENSE\u00d1ANZA UNIVERSITARIA SEK<\/strong> conservar\u00e1 los datos personales remitidos por los usuarios mientras resulten necesarios para atender las consultas y estos no hubiesen retirado su consentimiento o ejercido sus derechos. Asimismo, los datos de los alumnos se conservar\u00e1n durante la vigencia de la relaci\u00f3n y, a su finalizaci\u00f3n, por los plazos legales previstos en que pudieran derivarse responsabilidades para las partes, as\u00ed como en virtud de las obligaciones legales impuestas a\u00a0<strong>CENTRO DE ENSE\u00d1ANZA UNIVERSITARIA SEK<\/strong>.\u00a0\u00a0<\/p><p>Para obtener m\u00e1s informaci\u00f3n acerca de los plazos de conservaci\u00f3n de la informaci\u00f3n relativa a los datos de navegaci\u00f3n y cookies, puede visitar nuestra\u00a0<strong>Pol\u00edtica de Cookies<\/strong>.\u00a0\u00a0\u00a0<\/p><p><strong>Destinatarios y transferencias internacionales de datos<\/strong>\u00a0<\/p><p>Sus datos \u00fanicamente ser\u00e1n comunicados en la medida en que dicha comunicaci\u00f3n sea necesaria u obligatoria de acuerdo con la legislaci\u00f3n vigente.\u00a0<\/p><p>No est\u00e1n previstas transferencias internacionales de datos, si bien la informaci\u00f3n recabada por cookies de terceros puede ser objeto de este tipo de operaciones.\u00a0<\/p><p>En el caso de que fuese necesario realizar una transferencia internacional de datos,\u00a0<strong>CENTRO DE ENSE\u00d1ANZA UNIVERSITARIA SEK<\/strong> se compromete al cumplimiento de las medidas t\u00e9cnicas y organizativas necesarias, sin perjuicio de las obligaciones derivadas de la normativa vigente en materia de protecci\u00f3n de datos.\u00a0\u00a0<\/p><p><strong>Derechos de los interesados<\/strong>\u00a0<\/p><p>En cualquier momento, los usuarios podr\u00e1n ejercer los siguientes derechos reconocidos por la normativa vigente de protecci\u00f3n de datos:\u00a0<\/p><ul><li><strong>Derecho de Acceso<\/strong>: permite al usuario conocer qu\u00e9 informaci\u00f3n se tiene, de d\u00f3nde se ha obtenido, a qui\u00e9n se ha facilitado y con qu\u00e9 usos se ha tratado.\u00a0<\/li><li><strong>Derecho de Rectificaci\u00f3n<\/strong>: permite al usuario rectificar alg\u00fan dato err\u00f3neo o desactualizado.\u00a0<\/li><li><strong>Derecho de Supresi\u00f3n<\/strong>:\u202fpermite al usuario solicitar que se dejen de tratar sus datos.\u00a0<\/li><li><strong>Derecho de Limitaci\u00f3n<\/strong>:\u202fpermite al usuario restringir el tratamiento de sus datos, pero de forma que sean conservados para alguna finalidad posterior (una reclamaci\u00f3n judicial, por ejemplo).\u00a0\u00a0<\/li><li><strong>Derecho de Portabilidad<\/strong>:\u202fpermite al usuario obtener una copia de sus datos en forma electr\u00f3nica y, en determinadas circunstancias, solicitar que sean comunicados a otro prestador de servicios.\u00a0<\/li><li><strong>Derecho de Oposici\u00f3n:<\/strong>\u202fpermite al usuario oponerse al inter\u00e9s leg\u00edtimo del<strong>\u00a0Grupo SEK\u00a0<\/strong>para solicitar el cese del tratamiento de sus datos.\u00a0<\/li><li><strong>Derecho a Retirar el Consentimiento<\/strong>,\u202fen cualquier momento, respecto de tratamiento de sus datos personales, sin que ello afecte a la licitud\u202fdel mismo.\u00a0<\/li><\/ul><p>Podr\u00e1 ejercer estos derechos a trav\u00e9s de la direcci\u00f3n de correo electr\u00f3nico\u00a0<a href=\"mailto:lopd@sek.es\"><strong>lopd@sek.es<\/strong><\/a>\u00a0o bien dirigi\u00e9ndose a\u00a0<strong>CENTRO DE ENSE\u00d1ANZA UNIVERSITARIA SEK S.A<\/strong>, Urb. Villafranca del Castillo, C\/ Castillo de Alarc\u00f3n, s\/n 28692 &#8211; Villanueva de la Ca\u00f1ada &#8211; Madrid, indicando qu\u00e9 derecho desea ejercitar y acreditando debidamente su identidad.\u00a0<\/p><ul><li>Titular: CENTRO DE ENSE\u00d1ANZA UNIVERSITARIA SEK S.A,<\/li><li>I.F.: A79336947<\/li><li>Domicilio social: Urb. Villafranca del Castillo, C\/ Castillo de Alarc\u00f3n, s\/n 28692 &#8211; Villanueva de la Ca\u00f1ada &#8211; MADRID<\/li><\/ul><p>Por \u00faltimo, le informamos que podr\u00e1 ponerse en contacto con el\u00a0<strong>Delegado de Protecci\u00f3n de Datos\u00a0<\/strong>a trav\u00e9s de\u00a0<a href=\"mailto:lopd@sek.es\"><strong>lopd@sek.es<\/strong><\/a><strong>\u00a0<\/strong>as\u00ed como\u00a0presentar una reclamaci\u00f3n ante la Agencia Espa\u00f1ola de Protecci\u00f3n de Datos, a trav\u00e9s de su\u202f<a href=\"https:\/\/www.aepd.es\/\" target=\"_blank\" rel=\"noopener\">p\u00e1gina web.<\/a>\u00a0\u00a0<\/p><p><strong>Medidas de seguridad<\/strong>\u00a0<\/p><p><strong>CENTRO DE ENSE\u00d1ANZA UNIVERSITARIA SEK S.A<\/strong> ha adoptado las medidas t\u00e9cnicas y organizativas apropiadas para garantizar un nivel de seguridad adecuado a los datos personales que trata y ha implantado otros medios y medidas t\u00e9cnicas adicionales a su alcance para evitar su p\u00e9rdida, alteraci\u00f3n, tratamiento o acceso no autorizado a los datos de sus usuarios.\u00a0<\/p><p><strong>Modificaci\u00f3n de la pol\u00edtica de privacidad<\/strong><\/p><p><strong>CENTRO DE ENSE\u00d1ANZA UNIVERSITARIA SEK S.A<\/strong> se reserva el derecho a modificar la presente Pol\u00edtica de Privacidad, siempre de acuerdo con los t\u00e9rminos permitidos por la legislaci\u00f3n espa\u00f1ola vigente y con la correspondiente comunicaci\u00f3n a los usuarios, mediante la publicaci\u00f3n en esta p\u00e1gina web o por cualquier otro medio de comunicaci\u00f3n o difusi\u00f3n que se considere oportuno.<\/p>\t\t\t\t\t\t\t\t<\/div>\n\t\t\t\t<\/div>\n\t\t\t\t\t<\/div>\n\t\t\t\t<\/div>\n\t\t\t\t<\/div>\n\t\t","protected":false},"excerpt":{"rendered":"<p>Esta Pol\u00edtica de Privacidad es aplicable a los usuarios del sitio web de\u00a0CENTRO DE ENSE\u00d1ANZA UNIVERSITARIA SEK S.A (en adelante, \u00abCENTRO DE ENSE\u00d1ANZA UNIVERSITARIA SEK\u00ab), respecto al tratamiento de datos personales facilitados a trav\u00e9s de las v\u00edas habilitadas. Identidad del Responsable del Tratamiento\u00a0\u00a0 RAZ\u00d3N SOCIAL:\u202fCENTRO DE ENSE\u00d1ANZA UNIVERSITARIA SEK, S.A\u00a0 NIF\/CIF: A79336947\u00a0 DOMICILIO: Urb. Villafranca [&hellip;]<\/p>\n","protected":false},"author":1,"featured_media":0,"parent":0,"menu_order":0,"comment_status":"closed","ping_status":"closed","template":"","meta":{"footnotes":""},"class_list":["post-158","page","type-page","status-publish","hentry"],"_links":{"self":[{"href":"https:\/\/ferugby.es\/emilychatbot\/wp-json\/wp\/v2\/pages\/158","targetHints":{"allow":["GET"]}}],"collection":[{"href":"https:\/\/ferugby.es\/emilychatbot\/wp-json\/wp\/v2\/pages"}],"about":[{"href":"https:\/\/ferugby.es\/emilychatbot\/wp-json\/wp\/v2\/types\/page"}],"author":[{"embeddable":true,"href":"https:\/\/ferugby.es\/emilychatbot\/wp-json\/wp\/v2\/users\/1"}],"replies":[{"embeddable":true,"href":"https:\/\/ferugby.es\/emilychatbot\/wp-json\/wp\/v2\/comments?post=158"}],"version-history":[{"count":27,"href":"https:\/\/ferugby.es\/emilychatbot\/wp-json\/wp\/v2\/pages\/158\/revisions"}],"predecessor-version":[{"id":466,"href":"https:\/\/ferugby.es\/emilychatbot\/wp-json\/wp\/v2\/pages\/158\/revisions\/466"}],"wp:attachment":[{"href":"https:\/\/ferugby.es\/emilychatbot\/wp-json\/wp\/v2\/media?parent=158"}],"curies":[{"name":"wp","href":"https:\/\/api.w.org\/{rel}","templated":true}]}}