{"id":155,"date":"2025-04-14T10:46:00","date_gmt":"2025-04-14T08:46:00","guid":{"rendered":"https:\/\/ferugby.es\/emilychatbot\/legal-advice\/"},"modified":"2025-07-14T08:17:59","modified_gmt":"2025-07-14T06:17:59","slug":"aviso-legal","status":"publish","type":"page","link":"https:\/\/ferugby.es\/emilychatbot\/aviso-legal\/","title":{"rendered":"Aviso legal"},"content":{"rendered":"\t\t<div data-elementor-type=\"wp-page\" data-elementor-id=\"155\" class=\"elementor elementor-155\" data-elementor-post-type=\"page\">\n\t\t\t\t<div class=\"elementor-element elementor-element-13c1fd7 e-flex e-con-boxed e-con e-parent\" data-id=\"13c1fd7\" data-element_type=\"container\" data-e-type=\"container\" data-settings=\"{&quot;background_background&quot;:&quot;classic&quot;}\">\n\t\t\t\t\t<div class=\"e-con-inner\">\n\t\t<div class=\"elementor-element elementor-element-34a4e6c e-con-full e-flex e-con e-child\" data-id=\"34a4e6c\" data-element_type=\"container\" data-e-type=\"container\">\n\t\t\t\t<div class=\"elementor-element elementor-element-267aee0 elementor-widget elementor-widget-heading\" data-id=\"267aee0\" data-element_type=\"widget\" data-e-type=\"widget\" data-widget_type=\"heading.default\">\n\t\t\t\t<div class=\"elementor-widget-container\">\n\t\t\t\t\t<h1 class=\"elementor-heading-title elementor-size-default\">Aviso legal<\/h1>\t\t\t\t<\/div>\n\t\t\t\t<\/div>\n\t\t\t\t<\/div>\n\t\t\t\t\t<\/div>\n\t\t\t\t<\/div>\n\t\t<div class=\"elementor-element elementor-element-7f4f49aa e-flex e-con-boxed e-con e-parent\" data-id=\"7f4f49aa\" data-element_type=\"container\" data-e-type=\"container\">\n\t\t\t\t\t<div class=\"e-con-inner\">\n\t\t\t\t<div class=\"elementor-element elementor-element-25f72731 elementor-widget elementor-widget-text-editor\" data-id=\"25f72731\" data-element_type=\"widget\" data-e-type=\"widget\" data-widget_type=\"text-editor.default\">\n\t\t\t\t<div class=\"elementor-widget-container\">\n\t\t\t\t\t\t\t\t\t<p><strong>Objeto<\/strong><\/p><p>En cumplimiento del deber de informaci\u00f3n recogido en el art\u00edculo 10 de la Ley 34\/2002, de Servicios de la Sociedad de la Informaci\u00f3n y del Comercio Electr\u00f3nico, de CENTRO DE ENSE\u00d1ANZA UNIVERSITARIA SEK, S.A (en adelante, tambi\u00e9n el \u201cPrestador\u201d o \u201cCENTRO DE ENSE\u00d1ANZA UNIVERSITARIA SEK\u201d), como responsable de la p\u00e1gina www.ucjc.edu (en adelante, el \u201cSitio Web), pone a disposici\u00f3n de los usuarios el presente documento que regula el uso del Sitio Web.<\/p><p>Asimismo, se informa a todos los usuarios acerca de las condiciones de acceso y uso del Sitio Web, incluidos sus contenidos y servicios, que deber\u00e1n ser le\u00eddas detenidamente y resultar\u00e1n de aplicaci\u00f3n, junto con otras condiciones particulares que pudieran ser expuestas al Usuario, durante la prestaci\u00f3n de los servicios.<\/p><ul><li>Titular: CENTRO DE ENSE\u00d1ANZA UNIVERSITARIA SEK S.A,<\/li><li>I.F.: A79336947<\/li><li>Domicilio social: Urb. Villafranca del Castillo, C\/ Castillo de Alarc\u00f3n, s\/n 28692 &#8211; Villanueva de la Ca\u00f1ada &#8211; MADRID<\/li><li>E-mail: lopd@sek.es<\/li><li>Datos de inscripci\u00f3n en el Registro Mercantil: Madrid Tomo 51, Folio 176, Hoja M-1007, Inscripci\u00f3n 1\u00aa CIF A79336947<\/li><\/ul><p>A continuaci\u00f3n, se facilitan las condiciones y t\u00e9rminos que regir\u00e1n el uso y acceso a contenidos y servicios por parte del Usuario.<\/p><p><strong>Condiciones de acceso y uso del Sitio Web<\/strong><\/p><p>Aquella persona que acceda a esta web tendr\u00e1 la consideraci\u00f3n de usuario (en adelante el \u201cUsuario\u00bb), quien acepta, de forma expresa y voluntaria, las disposiciones incluidas en este Aviso Legal y T\u00e9rminos de Uso, as\u00ed como cualesquiera otras disposiciones legales que fueran de aplicaci\u00f3n en su relaci\u00f3n con el Prestador. La prestaci\u00f3n de los servicios por parte de CENTRO DE ENSE\u00d1ANZA UNIVERSITARIA SEK a trav\u00e9s del Sitio Web tiene, de forma general, car\u00e1cter gratuito para los Usuarios.<\/p><p>El Usuario garantiza la autenticidad de los datos comunicados a trav\u00e9s de los formularios habilitados en el sitio web, siendo considerado el \u00fanico responsable de las manifestaciones falsas o inexactas que realice y de los perjuicios que cause al Prestador o a terceros.<\/p><p>El Usuario se compromete a hacer un uso adecuado del Sitio Web y sus contenidos, absteni\u00e9ndose de utilizar los mismos con finalidades il\u00edcitas o prohibidas, lesivas de derechos o intereses de terceros, o que de cualquier forma puedan da\u00f1ar, inutilizar, sobrecargar, deteriorar o impedir la normal utilizaci\u00f3n de equipos inform\u00e1ticos o documentos, archivos y toda clase de contenidos almacenados en cualquier equipo inform\u00e1tico del prestador.<\/p><p>En particular, y a t\u00edtulo meramente indicativo y no exhaustivo, el Usuario se compromete a no transmitir, difundir o poner a disposici\u00f3n de terceros informaciones, datos, contenidos, mensajes, gr\u00e1ficos, dibujos, archivos de sonido y\/o imagen, fotograf\u00edas, grabaciones, software y, en general, cualquier clase de material que:<\/p><ol><li>de cualquier forma sea contrario, menosprecie o atente contra los derechos fundamentales y las libertades p\u00fablicas reconocidas constitucionalmente, en los Tratados internacionales y en el resto de la legislaci\u00f3n;<\/li><li>induzca, incite o promueva actuaciones delictivas, denigratorias, difamatorias, infamantes, violentas o, en general, contrarias a la ley, a la moral y buenas costumbres generalmente aceptadas o al orden p\u00fablico;<\/li><li>induzca, incite o promueva actuaciones, actitudes o pensamientos discriminatorios por raz\u00f3n de sexo, raza, religi\u00f3n, creencias, edad o condici\u00f3n;<\/li><li>incorpore, ponga a disposici\u00f3n o permita acceder a productos, elementos, mensajes y\/o servicios delictivos, violentos, ofensivos, nocivos, degradantes o, en general, contrarios a la ley, a la moral y a las buenas costumbres generalmente aceptadas o al orden p\u00fablico;<\/li><li>sea falso, ambiguo, inexacto, exagerado o extempor\u00e1neo, de forma que induzca o pueda inducir a error sobre su objeto o sobre las intenciones o prop\u00f3sitos del comunicante;<\/li><li>se encuentre protegido por cualesquiera derechos de propiedad intelectual o industrial pertenecientes a terceros, sin que el Usuario haya obtenido previamente de sus titulares la autorizaci\u00f3n necesaria para llevar a cabo el uso que efect\u00faa o pretende efectuar;<\/li><li>viole los secretos empresariales de terceros;<\/li><li>sea contrario al derecho al honor, a la intimidad personal y familiar o a la propia imagen de las personas;<\/li><li>de cualquier manera menoscabe el cr\u00e9dito de CENTRO DE ENSE\u00d1ANZA UNIVERSITARIA SEK o de terceros;<\/li><li>infrinja la normativa sobre secreto de las comunicaciones;<\/li><li>constituya, en su caso, publicidad il\u00edcita, enga\u00f1osa o desleal y, en general, que constituya competencia desleal;<\/li><li>incorpore virus u otros elementos f\u00edsicos o electr\u00f3nicos que puedan da\u00f1ar o impedir el normal funcionamiento de la red, del sistema o de equipos inform\u00e1ticos (hardware y software) de CENTRO DE ENSE\u00d1ANZA UNIVERSITARIA SEK o de terceros o que puedan da\u00f1ar los documentos electr\u00f3nicos y archivos almacenados en dichos equipos inform\u00e1ticos;<\/li><li>provoque por sus caracter\u00edsticas (tales como formato, extensi\u00f3n, etc.) dificultades en el normal funcionamiento del Servicio;<\/li><\/ol><p><strong>Exclusi\u00f3n de garant\u00edas y responsabilidad <\/strong><\/p><p>El Prestador se exime de cualquier tipo de responsabilidad derivada de la informaci\u00f3n publicada en este Sitio Web, siempre que esta informaci\u00f3n haya sido manipulada o introducida por un tercero ajeno. CENTRO DE ENSE\u00d1ANZA UNIVERSITARIA SEK \u00fanicamente ser\u00e1 responsable de los contenidos e informaci\u00f3n del Sitio Web creada y desarrollada por ella, sin que asuma responsabilidad por contenidos alterados, generados o publicados por terceros o en otras webs que no sean de su titularidad.<\/p><p>CENTRO DE ENSE\u00d1ANZA UNIVERSITARIA SEK no asumir\u00e1 responsabilidad respecto al contenido o aspectos de terceras p\u00e1ginas web enlazadas mediante links, botones u otro medio disponible en el Sitio Web, siendo estas gestionadas por terceros ajenos a CENTRO DE ENSE\u00d1ANZA UNIVERSITARIA SEK.<\/p><p>CENTRO DE ENSE\u00d1ANZA UNIVERSITARIA SEK no garantiza la inexistencia de interrupciones o errores en el acceso al Sitio Web o en su contenido, as\u00ed como tampoco garantiza su completa actualizaci\u00f3n, aunque desarrollar\u00e1 sus mejores esfuerzos para, en su caso, evitarlos, subsanarlos, actualizarlos y mantener la mayor calidad posible.<\/p><p>CENTRO DE ENSE\u00d1ANZA UNIVERSITARIA SEK no se hace responsable de los da\u00f1os y perjuicios que, de cualquier naturaleza, puedan salir a colaci\u00f3n de la falta de disponibilidad, mantenimiento y efectivo funcionamiento del Sitio Web o de sus servicios y contenidos; as\u00ed como tampoco de los posibles errores de seguridad que se puedan producir en el sistema inform\u00e1tico del usuario como consecuencia de la presencia de virus en sus dispositivos utilizados para la conexi\u00f3n a los servicios.<\/p><p>CENTRO DE ENSE\u00d1ANZA UNIVERSITARIA SEK no garantiza la disponibilidad y continuidad del funcionamiento del Sitio Web. Cuando ello sea razonablemente posible, CENTRO DE ENSE\u00d1ANZA UNIVERSITARIA SEK tampoco garantiza la utilidad del Sitio Web para la realizaci\u00f3n de ninguna actividad en concreto, ni su infalibilidad.<\/p><p>El acceso a la Web tiene una duraci\u00f3n indefinida; no obstante, CENTRO DE ENSE\u00d1ANZA UNIVERSITARIA SEK se reserva el derecho de suspender sin previo aviso el acceso a los Usuarios que, a su juicio, incumplan las normas de utilizaci\u00f3n de su p\u00e1gina Web y ejercer las medidas legales oportunas. Adem\u00e1s, se reserva el derecho de restringir el acceso a algunas secciones de la Web al p\u00fablico en general, limit\u00e1ndolo \u00fanicamente a usuarios o grupo de usuarios concretos a trav\u00e9s de la entrega de una password de acceso de la cual ser\u00e1n responsables.<\/p><p><strong>Cookies<\/strong><\/p><p>Este Sitio Web puede utilizar cookies (peque\u00f1os archivos de informaci\u00f3n que el servidor env\u00eda al ordenador de quien accede en la p\u00e1gina) para llevar a cabo determinadas funciones que son consideradas imprescindibles para el correcto funcionamiento de la web, as\u00ed como para la visualizaci\u00f3n del contenido ofrecido y prestaci\u00f3n de servicios solicitados por el Usuario. En todo caso, para m\u00e1s informaci\u00f3n, puede acceder a nuestra Pol\u00edtica de cookies.<\/p><p><strong>Protecci\u00f3n de datos personales<\/strong><\/p><p>CENTRO DE ENSE\u00d1ANZA UNIVERSITARIA SEK garantiza la protecci\u00f3n de todos los datos de car\u00e1cter personal que proporcione el Usuario a trav\u00e9s de los formularios de contacto, registro y compra en cumplimiento de lo dispuesto en el Reglamento General de Protecci\u00f3n de Datos y la normativa vigente. Para m\u00e1s informaci\u00f3n acerca del tratamiento de sus datos personales puede acceder a nuestra Pol\u00edtica de Privacidad.<\/p><p><strong>Propiedad intelectual e industrial<\/strong><\/p><p>El Sitio Web, incluyendo a t\u00edtulo enunciativo, pero no limitativo la programaci\u00f3n, edici\u00f3n, compilaci\u00f3n y otros elementos necesarios para su funcionamiento, los dise\u00f1os, logotipos, textos, contenidos, fotograf\u00edas y\/o gr\u00e1ficos son propiedad de CENTRO DE ENSE\u00d1ANZA UNIVERSITARIA SEK o, en caso de que fuera necesario, dispone de la licencia o autorizaci\u00f3n expresa por parte de los autores para su explotaci\u00f3n. Todos los contenidos del Sitio Web se encuentran debidamente protegidos por la normativa de propiedad intelectual e industrial.<\/p><p>La reproducci\u00f3n total o parcial, uso, transformaci\u00f3n, distribuci\u00f3n y\/o comunicaci\u00f3n p\u00fablica requieren de la autorizaci\u00f3n escrita previa por parte de CENTRO DE ENSE\u00d1ANZA UNIVERSITARIA SEK, siendo il\u00edcita su utilizaci\u00f3n sin autorizaci\u00f3n previa y sin que el mero uso del Sitio Web implique la cesi\u00f3n de derechos de propiedad intelectual o industrial.<\/p><p>No obstante, el Usuario podr\u00e1 hacer uso y obtener copia de los contenidos del Sitio Web \u00fanicamente con finalidades de uso personal, educativas y no comerciales o profesionales; debiendo respetar en todo caso lo aqu\u00ed expuesto y los derechos de propiedad intelectual e industrial de CENTRO DE ENSE\u00d1ANZA UNIVERSITARIA SEK. Los usuarios deber\u00e1n, en estos casos, nombrar la fuente y el autor de los materiales utilizados, incluyendo la URL de CENTRO DE ENSE\u00d1ANZA UNIVERSITARIA SEK.<\/p><p>CENTRO DE ENSE\u00d1ANZA UNIVERSITARIA SEK no se hace responsable del uso que terceros puedan realizar del contenido o im\u00e1genes protegidas por derechos de propiedad intelectual. Las vulneraciones e infracciones, por parte de Usuarios o terceros, de los derechos de propiedad intelectual e industrial de CENTRO DE ENSE\u00d1ANZA UNIVERSITARIA SEK, podr\u00e1 dar lugar al ejercicio de las acciones legales correspondientes en cada caso para la correcta salvaguarda de tales derechos.<\/p><p><strong>Modificaci\u00f3n de las Condiciones<\/strong><\/p><p>CENTRO DE ENSE\u00d1ANZA UNIVERSITARIA SEK se reserva el derecho a modificar, en cualquier momento y sin necesidad de previo aviso, la presentaci\u00f3n y configuraci\u00f3n del Sitio Web y las presentes condiciones.<\/p><p>No obstante, se cumplir\u00e1 el deber de informaci\u00f3n a los usuarios mediante su publicaci\u00f3n en el presente Sitio Web. El Usuario reconoce y acepta que ser\u00e1 su responsabilidad revisar peri\u00f3dicamente el presente Aviso Legal ante posibles modificaciones en las Condiciones, de modo que sea conocida la \u00faltima versi\u00f3n aplicable en cada caso.<\/p><p><strong>Ley aplicable y jurisdicci\u00f3n<\/strong><\/p><p>La relaci\u00f3n entre CENTRO DE ENSE\u00d1ANZA UNIVERSITARIA SEK y el Usuario se regir\u00e1 por la normativa vigente y las leyes comunes del Derecho de Espa\u00f1a.<\/p><p>Para la resoluci\u00f3n de las controversias o responsabilidades que puedan desprenderse de la prestaci\u00f3n de servicios, las partes acuerdan someterse, con renuncia expresa a cualquier otro fuero, a los Juzgados y Tribunales de la ciudad de Madrid (Espa\u00f1a).<\/p>\t\t\t\t\t\t\t\t<\/div>\n\t\t\t\t<\/div>\n\t\t\t\t\t<\/div>\n\t\t\t\t<\/div>\n\t\t\t\t<\/div>\n\t\t","protected":false},"excerpt":{"rendered":"<p>Objeto En cumplimiento del deber de informaci\u00f3n recogido en el art\u00edculo 10 de la Ley 34\/2002, de Servicios de la Sociedad de la Informaci\u00f3n y del Comercio Electr\u00f3nico, de CENTRO DE ENSE\u00d1ANZA UNIVERSITARIA SEK, S.A (en adelante, tambi\u00e9n el \u201cPrestador\u201d o \u201cCENTRO DE ENSE\u00d1ANZA UNIVERSITARIA SEK\u201d), como responsable de la p\u00e1gina www.ucjc.edu (en adelante, el [&hellip;]<\/p>\n","protected":false},"author":1,"featured_media":0,"parent":0,"menu_order":0,"comment_status":"closed","ping_status":"closed","template":"","meta":{"footnotes":""},"class_list":["post-155","page","type-page","status-publish","hentry"],"_links":{"self":[{"href":"https:\/\/ferugby.es\/emilychatbot\/wp-json\/wp\/v2\/pages\/155","targetHints":{"allow":["GET"]}}],"collection":[{"href":"https:\/\/ferugby.es\/emilychatbot\/wp-json\/wp\/v2\/pages"}],"about":[{"href":"https:\/\/ferugby.es\/emilychatbot\/wp-json\/wp\/v2\/types\/page"}],"author":[{"embeddable":true,"href":"https:\/\/ferugby.es\/emilychatbot\/wp-json\/wp\/v2\/users\/1"}],"replies":[{"embeddable":true,"href":"https:\/\/ferugby.es\/emilychatbot\/wp-json\/wp\/v2\/comments?post=155"}],"version-history":[{"count":29,"href":"https:\/\/ferugby.es\/emilychatbot\/wp-json\/wp\/v2\/pages\/155\/revisions"}],"predecessor-version":[{"id":645,"href":"https:\/\/ferugby.es\/emilychatbot\/wp-json\/wp\/v2\/pages\/155\/revisions\/645"}],"wp:attachment":[{"href":"https:\/\/ferugby.es\/emilychatbot\/wp-json\/wp\/v2\/media?parent=155"}],"curies":[{"name":"wp","href":"https:\/\/api.w.org\/{rel}","templated":true}]}}