{"id":137,"date":"2025-04-14T10:45:57","date_gmt":"2025-04-14T08:45:57","guid":{"rendered":"https:\/\/ferugby.es\/emilychatbot\/cookies-policy\/"},"modified":"2025-05-08T12:25:32","modified_gmt":"2025-05-08T10:25:32","slug":"politica-de-cookies","status":"publish","type":"page","link":"https:\/\/ferugby.es\/emilychatbot\/politica-de-cookies\/","title":{"rendered":"Pol\u00edtica de cookies"},"content":{"rendered":"\t\t<div data-elementor-type=\"wp-page\" data-elementor-id=\"137\" class=\"elementor elementor-137\" data-elementor-post-type=\"page\">\n\t\t\t\t<div class=\"elementor-element elementor-element-891bfd4 e-flex e-con-boxed e-con e-parent\" data-id=\"891bfd4\" data-element_type=\"container\" data-e-type=\"container\" data-settings=\"{&quot;background_background&quot;:&quot;classic&quot;}\">\n\t\t\t\t\t<div class=\"e-con-inner\">\n\t\t<div class=\"elementor-element elementor-element-457ac95 e-con-full e-flex e-con e-child\" data-id=\"457ac95\" data-element_type=\"container\" data-e-type=\"container\">\n\t\t\t\t<div class=\"elementor-element elementor-element-456fe51 elementor-widget elementor-widget-heading\" data-id=\"456fe51\" data-element_type=\"widget\" data-e-type=\"widget\" data-widget_type=\"heading.default\">\n\t\t\t\t<div class=\"elementor-widget-container\">\n\t\t\t\t\t<h1 class=\"elementor-heading-title elementor-size-default\">Pol\u00edtica de cookies<\/h1>\t\t\t\t<\/div>\n\t\t\t\t<\/div>\n\t\t\t\t<\/div>\n\t\t\t\t\t<\/div>\n\t\t\t\t<\/div>\n\t\t<div class=\"elementor-element elementor-element-643e291d e-flex e-con-boxed e-con e-parent\" data-id=\"643e291d\" data-element_type=\"container\" data-e-type=\"container\">\n\t\t\t\t\t<div class=\"e-con-inner\">\n\t\t\t\t<div class=\"elementor-element elementor-element-56697ea9 elementor-widget elementor-widget-text-editor\" data-id=\"56697ea9\" data-element_type=\"widget\" data-e-type=\"widget\" data-widget_type=\"text-editor.default\">\n\t\t\t\t<div class=\"elementor-widget-container\">\n\t\t\t\t\t\t\t\t\t<p><strong>CENTRO DE ENSE\u00d1ANZA UNIVERSITARIA SEK S.A<\/strong> informa que, en cumplimiento con lo dispuesto en el art\u00edculo 22.2 de la Ley 34\/2002, de 11 de julio, de Servicios de la Sociedad de la Informaci\u00f3n y de Comercio Electr\u00f3nico, necesita implantar cookies para ofrecer su contenido en la web, as\u00ed como prestar un mejor servicio a sus usuarios.\u00a0<\/p><p><strong>Qu\u00e9 son las cookies<\/strong>\u00a0<\/p><p>Las cookies son peque\u00f1os archivos de texto que contienen informaci\u00f3n y que se descargan en el dispositivo de cualquier usuario que visita una p\u00e1gina web. Tras su instalaci\u00f3n, las cookies pueden ser devueltas a la p\u00e1gina web de origen (cookies de origen) o a otras p\u00e1ginas web (cookies de terceros).<\/p><p>Las cookies permiten que una p\u00e1gina web reconozca el dispositivo de un usuario, facilitando su navegaci\u00f3n, recordando sus preferencias y, en general, mejorando la experiencia del usuario, ayud\u00e1ndole a ofrecerle informaci\u00f3n y servicios relacionados con sus intereses.<\/p><p>La ley vigente permite que almacenemos cookies en su dispositivo, si estas son estrictamente necesarias para el funcionamiento de esta p\u00e1gina. As\u00ed, para todos los dem\u00e1s tipos de cookies necesitamos su permiso. Por ello, informamos a nuestros usuarios que esta p\u00e1gina web utiliza tipos diferentes de cookies:\u00a0<\/p><p>Seg\u00fan su finalidad:\u00a0<\/p><ul><li><strong>Cookies t\u00e9cnicas o necesarias<\/strong>: aquellas estrictamente necesarias para la correcta funcionalidad del sitio web.<\/li><li><strong>Cookies estad\u00edsticas<\/strong>: ayudan a los propietarios de p\u00e1ginas web a comprender c\u00f3mo interact\u00faan los visitantes con las p\u00e1ginas web reuniendo y proporcionando informaci\u00f3n de forma an\u00f3nima.<\/li><li><strong>Cookies de preferencias<\/strong>: permiten al sitio web recordar informaci\u00f3n que cambia el aspecto o comportamiento del sitio web seg\u00fan las configuraciones del usuario.<\/li><li><strong>Cookies de marketing<\/strong>: se utilizan para rastrear a los visitantes en las p\u00e1ginas web. La intenci\u00f3n es mostrar anuncios relevantes y atractivos para el usuario individual.<\/li><\/ul><p>Seg\u00fan el tiempo que permanecen activadas:\u00a0<\/p><ul><li><strong>Cookies de Sesi\u00f3n<\/strong>: aquellas que guardan exclusivamente informaci\u00f3n del usuario durante el tiempo que dura su visita a nuestra p\u00e1gina web.<\/li><li><strong>Cookies Persistentes<\/strong>: aquellas que retienen informaci\u00f3n de usuarios que acceden repetidas veces a nuestra p\u00e1gina web, recordando las preferencias seleccionadas.\u00a0<\/li><\/ul><p>Seg\u00fan la entidad que las gestiona:\u00a0<\/p><ul><li><strong>Cookies propias<\/strong>: aquellas gestionadas por nuestra p\u00e1gina web a la que el usuario accede y solicita su servicio.<\/li><li><strong>Cookies de terceros<\/strong>: aquellas colocadas por servicios de terceros que aparecen en nuestra p\u00e1gina web.\u00a0<\/li><\/ul><p>Como consecuencia de las cookies empleadas por terceros sus datos pueden ser objeto de transferencia internacional. Puede obtener m\u00e1s informaci\u00f3n sobre las transferencias a estos pa\u00edses y c\u00f3mo se llevan a cabo, a trav\u00e9s de las correspondientes pol\u00edticas de estos proveedores aqu\u00ed facilitadas:\u00a0<\/p><ul><li><strong>Google<\/strong>:\u00a0<a href=\"https:\/\/policies.google.com\/technologies\/types?hl=es\" target=\"_blank\" rel=\"noopener\">Pol\u00edtica de privacidad Google<\/a>\u00a0y\u00a0<a href=\"https:\/\/developers.google.com\/analytics\/devguides\/collection\/analyticsjs\/cookie-usage?hl=es\" target=\"_blank\" rel=\"noopener\">Pol\u00edtica de uso de cookies Google Analytics<\/a><\/li><\/ul><p><strong>Lista de Cookies Utilizadas<\/strong><\/p><ol><li><strong>Necesarias <\/strong><\/li><\/ol><table><tbody><tr><td width=\"164\"><p><strong>Nombre <\/strong><\/p><\/td><td width=\"226\"><p><strong>Proveedor<\/strong><\/p><\/td><td width=\"97\"><p><strong>Tipo<\/strong><\/p><\/td><td width=\"115\"><p><strong>Caducidad<\/strong><\/p><\/td><\/tr><tr><td width=\"164\"><p><strong>\u00a0<\/strong><\/p><\/td><td width=\"226\">\u00a0<\/td><td width=\"97\">\u00a0<\/td><td width=\"115\">\u00a0<\/td><\/tr><tr><td width=\"164\"><p><strong>\u00a0<\/strong><\/p><\/td><td width=\"226\">\u00a0<\/td><td width=\"97\">\u00a0<\/td><td width=\"115\">\u00a0<\/td><\/tr><tr><td width=\"164\"><p><strong>\u00a0<\/strong><\/p><\/td><td width=\"226\">\u00a0<\/td><td width=\"97\">\u00a0<\/td><td width=\"115\">\u00a0<\/td><\/tr><\/tbody><\/table><p><strong>\u00a0<\/strong><\/p><ol start=\"2\"><li><strong>Estad\u00edsticas <\/strong><strong>\u2610<\/strong><\/li><\/ol><table><tbody><tr><td width=\"164\"><p><strong>Nombre <\/strong><\/p><\/td><td width=\"226\"><p><strong>Proveedor<\/strong><\/p><\/td><td width=\"97\"><p><strong>Tipo<\/strong><\/p><\/td><td width=\"115\"><p><strong>Caducidad<\/strong><\/p><\/td><\/tr><tr><td width=\"164\"><p><strong>\u00a0<\/strong><\/p><\/td><td width=\"226\">\u00a0<\/td><td width=\"97\">\u00a0<\/td><td width=\"115\">\u00a0<\/td><\/tr><tr><td width=\"164\"><p><strong>\u00a0<\/strong><\/p><\/td><td width=\"226\">\u00a0<\/td><td width=\"97\">\u00a0<\/td><td width=\"115\">\u00a0<\/td><\/tr><tr><td width=\"164\"><p><strong>\u00a0<\/strong><\/p><\/td><td width=\"226\">\u00a0<\/td><td width=\"97\">\u00a0<\/td><td width=\"115\">\u00a0<\/td><\/tr><\/tbody><\/table><p><strong>\u00a0<\/strong><\/p><ol start=\"3\"><li><strong>De preferencias <\/strong><strong>\u2610<\/strong><\/li><\/ol><table><tbody><tr><td width=\"164\"><p><strong>Nombre <\/strong><\/p><\/td><td width=\"226\"><p><strong>Proveedor<\/strong><\/p><\/td><td width=\"97\"><p><strong>Tipo<\/strong><\/p><\/td><td width=\"115\"><p><strong>Caducidad<\/strong><\/p><\/td><\/tr><tr><td width=\"164\"><p><strong>\u00a0<\/strong><\/p><\/td><td width=\"226\">\u00a0<\/td><td width=\"97\">\u00a0<\/td><td width=\"115\">\u00a0<\/td><\/tr><tr><td width=\"164\"><p><strong>\u00a0<\/strong><\/p><\/td><td width=\"226\">\u00a0<\/td><td width=\"97\">\u00a0<\/td><td width=\"115\">\u00a0<\/td><\/tr><tr><td width=\"164\"><p><strong>\u00a0<\/strong><\/p><\/td><td width=\"226\">\u00a0<\/td><td width=\"97\">\u00a0<\/td><td width=\"115\">\u00a0<\/td><\/tr><\/tbody><\/table><p><strong>\u00a0<\/strong><\/p><ol start=\"4\"><li><strong>Marketing <\/strong><strong>\u2610<\/strong><\/li><\/ol><table><tbody><tr><td width=\"164\"><p><strong>Nombre <\/strong><\/p><\/td><td width=\"226\"><p><strong>Proveedor<\/strong><\/p><\/td><td width=\"97\"><p><strong>Tipo<\/strong><\/p><\/td><td width=\"115\"><p><strong>Caducidad<\/strong><\/p><\/td><\/tr><tr><td width=\"164\"><p><strong>\u00a0<\/strong><\/p><\/td><td width=\"226\">\u00a0<\/td><td width=\"97\">\u00a0<\/td><td width=\"115\">\u00a0<\/td><\/tr><tr><td width=\"164\"><p><strong>\u00a0<\/strong><\/p><\/td><td width=\"226\">\u00a0<\/td><td width=\"97\">\u00a0<\/td><td width=\"115\">\u00a0<\/td><\/tr><tr><td width=\"164\"><p><strong>\u00a0<\/strong><\/p><\/td><td width=\"226\">\u00a0<\/td><td width=\"97\">\u00a0<\/td><td width=\"115\">\u00a0<\/td><\/tr><\/tbody><\/table><p><strong>\u00a0<\/strong><\/p><p><strong>Desactivaci\u00f3n o eliminaci\u00f3n de cookies<\/strong><\/p><p>En cualquier momento puede cambiar o retirar su consentimiento a trav\u00e9s de la presente Pol\u00edtica de Cookies disponible en nuestro sitio web. A su vez, puede cambiar la configuraci\u00f3n de las cookies de su navegador como se le indica a continuaci\u00f3n:\u00a0<\/p><ul><li>C\u00f3mo eliminar las cookies en\u00a0<a href=\"https:\/\/support.mozilla.org\/es\/kb\/Borrar%20cookies\" target=\"_blank\" rel=\"noopener\">Mozilla Firefox<\/a><\/li><li>C\u00f3mo eliminar las cookies en\u00a0<a href=\"https:\/\/support.google.com\/accounts\/answer\/32050?co=GENIE.Platform%3DDesktop&amp;hl=es\" target=\"_blank\" rel=\"noopener\">Google Chrome<\/a><\/li><li>C\u00f3mo eliminar las cookies en\u00a0<a href=\"https:\/\/support.microsoft.com\/es-es\/help\/4468242\/microsoft-edge-browsing-data-and-privacy-microsoft-privacy\" target=\"_blank\" rel=\"noopener\">Edge<\/a><\/li><li>C\u00f3mo eliminar las cookies en\u00a0<a href=\"https:\/\/support.apple.com\/es-es\/HT201265\" target=\"_blank\" rel=\"noopener\">Safari<\/a><\/li><\/ul><p>La eliminaci\u00f3n o bloqueo de todas las cookies de esta p\u00e1gina, podr\u00eda conllevar la p\u00e9rdida de funcionalidades o calidad de la misma.\u00a0<\/p><p><strong>Protecci\u00f3n de datos personales<\/strong><\/p><p>Las cookies empleadas en el sitio web permiten recabar informaci\u00f3n sobre usted, sus preferencias o su dispositivo, permitiendo que el sitio web funcione correctamente; sin que se recabe informaci\u00f3n sensible. Por lo general no es posible la identificaci\u00f3n directa del usuario por la informaci\u00f3n almacenada en las cookies, no obstante, puede obtener m\u00e1s informaci\u00f3n sobre qui\u00e9nes somos, c\u00f3mo puede contactarnos y c\u00f3mo tratamos sus datos personales en nuestra\u00a0<strong>Pol\u00edtica de Privacidad<\/strong>.\u00a0<\/p><p><strong>Modificaciones de la Pol\u00edtica de Cookies<\/strong>\u00a0<\/p><p><strong>CENTRO DE ENSE\u00d1ANZA UNIVERSITARIA SEK S.A<\/strong> se reserva el derecho a modificar la presente Pol\u00edtica de Cookies, siempre en los t\u00e9rminos permitidos por la legislaci\u00f3n espa\u00f1ola vigente y previa comunicaci\u00f3n a los interesados, bien mediante publicaci\u00f3n en esta p\u00e1gina o por cualquier otro medio de comunicaci\u00f3n o difusi\u00f3n que se considere oportuno.\u00a0<\/p><p><strong>Fecha de actualizaci\u00f3n: abril de 2025.<\/strong><\/p><p><!-- \/wp:list --><\/p>\t\t\t\t\t\t\t\t<\/div>\n\t\t\t\t<\/div>\n\t\t\t\t\t<\/div>\n\t\t\t\t<\/div>\n\t\t\t\t<\/div>\n\t\t","protected":false},"excerpt":{"rendered":"<p>CENTRO DE ENSE\u00d1ANZA UNIVERSITARIA SEK S.A informa que, en cumplimiento con lo dispuesto en el art\u00edculo 22.2 de la Ley 34\/2002, de 11 de julio, de Servicios de la Sociedad de la Informaci\u00f3n y de Comercio Electr\u00f3nico, necesita implantar cookies para ofrecer su contenido en la web, as\u00ed como prestar un mejor servicio a sus [&hellip;]<\/p>\n","protected":false},"author":1,"featured_media":0,"parent":0,"menu_order":0,"comment_status":"closed","ping_status":"closed","template":"","meta":{"footnotes":""},"class_list":["post-137","page","type-page","status-publish","hentry"],"_links":{"self":[{"href":"https:\/\/ferugby.es\/emilychatbot\/wp-json\/wp\/v2\/pages\/137","targetHints":{"allow":["GET"]}}],"collection":[{"href":"https:\/\/ferugby.es\/emilychatbot\/wp-json\/wp\/v2\/pages"}],"about":[{"href":"https:\/\/ferugby.es\/emilychatbot\/wp-json\/wp\/v2\/types\/page"}],"author":[{"embeddable":true,"href":"https:\/\/ferugby.es\/emilychatbot\/wp-json\/wp\/v2\/users\/1"}],"replies":[{"embeddable":true,"href":"https:\/\/ferugby.es\/emilychatbot\/wp-json\/wp\/v2\/comments?post=137"}],"version-history":[{"count":18,"href":"https:\/\/ferugby.es\/emilychatbot\/wp-json\/wp\/v2\/pages\/137\/revisions"}],"predecessor-version":[{"id":469,"href":"https:\/\/ferugby.es\/emilychatbot\/wp-json\/wp\/v2\/pages\/137\/revisions\/469"}],"wp:attachment":[{"href":"https:\/\/ferugby.es\/emilychatbot\/wp-json\/wp\/v2\/media?parent=137"}],"curies":[{"name":"wp","href":"https:\/\/api.w.org\/{rel}","templated":true}]}}